{"id":15,"date":"2022-11-23T20:50:32","date_gmt":"2022-11-23T18:50:32","guid":{"rendered":"https:\/\/edificiosota.com\/tiendaonline\/mi-cuenta\/"},"modified":"2022-11-29T12:53:14","modified_gmt":"2022-11-29T10:53:14","slug":"mi-cuenta","status":"publish","type":"page","link":"https:\/\/edificiosota.com\/tiendaonline\/mi-cuenta\/","title":{"rendered":"Mi cuenta"},"content":{"rendered":"\t\t<div data-elementor-type=\"wp-page\" data-elementor-id=\"15\" class=\"elementor elementor-15\" data-elementor-post-type=\"page\">\n\t\t\t\t\t\t\t\t\t<section class=\"elementor-section elementor-top-section elementor-element elementor-element-ed65bcb elementor-section-full_width elementor-section-content-middle elementor-section-stretched elementor-section-height-default elementor-section-height-default\" data-id=\"ed65bcb\" data-element_type=\"section\" data-settings=\"{&quot;stretch_section&quot;:&quot;section-stretched&quot;}\">\n\t\t\t\t\t\t<div class=\"elementor-container elementor-column-gap-default\">\n\t\t\t\t\t<div class=\"elementor-column elementor-col-100 elementor-top-column elementor-element elementor-element-fbbcf14\" data-id=\"fbbcf14\" data-element_type=\"column\">\n\t\t\t<div class=\"elementor-widget-wrap elementor-element-populated\">\n\t\t\t\t\t\t\t\t<div class=\"elementor-element elementor-element-01a13a2 elementor-widget elementor-widget-heading\" data-id=\"01a13a2\" data-element_type=\"widget\" data-widget_type=\"heading.default\">\n\t\t\t\t<div class=\"elementor-widget-container\">\n\t\t\t<style>\/*! elementor - v3.16.0 - 20-09-2023 *\/\n.elementor-heading-title{padding:0;margin:0;line-height:1}.elementor-widget-heading .elementor-heading-title[class*=elementor-size-]>a{color:inherit;font-size:inherit;line-height:inherit}.elementor-widget-heading .elementor-heading-title.elementor-size-small{font-size:15px}.elementor-widget-heading .elementor-heading-title.elementor-size-medium{font-size:19px}.elementor-widget-heading .elementor-heading-title.elementor-size-large{font-size:29px}.elementor-widget-heading .elementor-heading-title.elementor-size-xl{font-size:39px}.elementor-widget-heading .elementor-heading-title.elementor-size-xxl{font-size:59px}<\/style><p class=\"elementor-heading-title elementor-size-default\">Mi<a style=\"color: #EBA018\"> cuenta<\/a><\/p>\t\t<\/div>\n\t\t\t\t<\/div>\n\t\t\t\t\t<\/div>\n\t\t<\/div>\n\t\t\t\t\t\t\t<\/div>\n\t\t<\/section>\n\t\t\t\t<section class=\"elementor-section elementor-top-section elementor-element elementor-element-9af3e09 elementor-section-full_width elementor-section-content-middle elementor-section-stretched elementor-section-height-default elementor-section-height-default\" data-id=\"9af3e09\" data-element_type=\"section\" data-settings=\"{&quot;stretch_section&quot;:&quot;section-stretched&quot;}\">\n\t\t\t\t\t\t<div class=\"elementor-container elementor-column-gap-default\">\n\t\t\t\t\t<div class=\"elementor-column elementor-col-100 elementor-top-column elementor-element elementor-element-0a05e81\" data-id=\"0a05e81\" data-element_type=\"column\">\n\t\t\t<div class=\"elementor-widget-wrap elementor-element-populated\">\n\t\t\t\t\t\t\t\t<div class=\"elementor-element elementor-element-6fcc6c7 e-my-account-tabs-vertical elementor-widget elementor-widget-woocommerce-my-account\" data-id=\"6fcc6c7\" data-element_type=\"widget\" data-widget_type=\"woocommerce-my-account.default\">\n\t\t\t\t<div class=\"elementor-widget-container\">\n\t\t\t<link rel=\"stylesheet\" href=\"https:\/\/edificiosota.com\/tiendaonline\/wp-content\/plugins\/elementor-pro\/assets\/css\/widget-woocommerce.min.css\"><div class=\"e-my-account-tab e-my-account-tab__ \">\t\t\t<span class=\"elementor-hidden\">[woocommerce_my_account]<\/span>\n\t\t\t<div class=\"woocommerce\"><\/div>\t\t<\/div>\n\t\t\t\t<\/div>\n\t\t\t\t<\/div>\n\t\t\t\t\t<\/div>\n\t\t<\/div>\n\t\t\t\t\t\t\t<\/div>\n\t\t<\/section>\n\t\t\t\t\t\t\t<\/div>\n\t\t","protected":false},"excerpt":{"rendered":"<p>Mi cuenta Escritorio Pedidos Descargas Direcciones Detalles de la cuenta Cerrar sesi\u00f3n Hola TREw8df4GHGfelkjWvvPhhj (\u00bfno eres TREw8df4GHGfelkjWvvPhhj? Cerrar sesi\u00f3n) Desde el escritorio de tu cuenta puedes ver tus pedidos recientes, gestionar tus direcciones de env\u00edo y facturaci\u00f3n y editar tu contrase\u00f1a y los detalles de tu cuenta.<\/p>\n","protected":false},"author":1,"featured_media":0,"parent":0,"menu_order":0,"comment_status":"closed","ping_status":"closed","template":"","meta":{"footnotes":""},"class_list":["post-15","page","type-page","status-publish"],"yoast_head":"<!-- This site is optimized with the Yoast SEO plugin v21.8 - https:\/\/yoast.com\/wordpress\/plugins\/seo\/ -->\n<title>Mi cuenta - Edifico Sota Alquiler de Oficinas<\/title>\n<meta name=\"robots\" content=\"index, follow, max-snippet:-1, max-image-preview:large, max-video-preview:-1\" \/>\n<link rel=\"canonical\" href=\"https:\/\/edificiosota.com\/tiendaonline\/mi-cuenta\/\" \/>\n<meta property=\"og:locale\" content=\"es_ES\" \/>\n<meta property=\"og:type\" content=\"article\" \/>\n<meta property=\"og:title\" content=\"Mi cuenta - Edifico Sota Alquiler de Oficinas\" \/>\n<meta property=\"og:description\" content=\"Mi cuenta Escritorio Pedidos Descargas Direcciones Detalles de la cuenta Cerrar sesi\u00f3n Hola TREw8df4GHGfelkjWvvPhhj (\u00bfno eres TREw8df4GHGfelkjWvvPhhj? Cerrar sesi\u00f3n) Desde el escritorio de tu cuenta puedes ver tus pedidos recientes, gestionar tus direcciones de env\u00edo y facturaci\u00f3n y editar tu contrase\u00f1a y los detalles de tu cuenta.\" \/>\n<meta property=\"og:url\" content=\"https:\/\/edificiosota.com\/tiendaonline\/mi-cuenta\/\" \/>\n<meta property=\"og:site_name\" content=\"Edifico Sota Alquiler de Oficinas\" \/>\n<meta property=\"article:modified_time\" content=\"2022-11-29T10:53:14+00:00\" \/>\n<meta name=\"twitter:card\" content=\"summary_large_image\" \/>\n<script type=\"application\/ld+json\" class=\"yoast-schema-graph\">{\"@context\":\"https:\/\/schema.org\",\"@graph\":[{\"@type\":\"WebPage\",\"@id\":\"https:\/\/edificiosota.com\/tiendaonline\/mi-cuenta\/\",\"url\":\"https:\/\/edificiosota.com\/tiendaonline\/mi-cuenta\/\",\"name\":\"Mi cuenta - Edifico Sota Alquiler de Oficinas\",\"isPartOf\":{\"@id\":\"https:\/\/edificiosota.com\/tiendaonline\/#website\"},\"datePublished\":\"2022-11-23T18:50:32+00:00\",\"dateModified\":\"2022-11-29T10:53:14+00:00\",\"breadcrumb\":{\"@id\":\"https:\/\/edificiosota.com\/tiendaonline\/mi-cuenta\/#breadcrumb\"},\"inLanguage\":\"es\",\"potentialAction\":[{\"@type\":\"ReadAction\",\"target\":[\"https:\/\/edificiosota.com\/tiendaonline\/mi-cuenta\/\"]}]},{\"@type\":\"BreadcrumbList\",\"@id\":\"https:\/\/edificiosota.com\/tiendaonline\/mi-cuenta\/#breadcrumb\",\"itemListElement\":[{\"@type\":\"ListItem\",\"position\":1,\"name\":\"Portada\",\"item\":\"https:\/\/edificiosota.com\/tiendaonline\/\"},{\"@type\":\"ListItem\",\"position\":2,\"name\":\"Mi cuenta\"}]},{\"@type\":\"WebSite\",\"@id\":\"https:\/\/edificiosota.com\/tiendaonline\/#website\",\"url\":\"https:\/\/edificiosota.com\/tiendaonline\/\",\"name\":\"Edifico Sota Alquiler de Oficinas\",\"description\":\"Oficinas en Bilbao\",\"publisher\":{\"@id\":\"https:\/\/edificiosota.com\/tiendaonline\/#organization\"},\"potentialAction\":[{\"@type\":\"SearchAction\",\"target\":{\"@type\":\"EntryPoint\",\"urlTemplate\":\"https:\/\/edificiosota.com\/tiendaonline\/?s={search_term_string}\"},\"query-input\":\"required name=search_term_string\"}],\"inLanguage\":\"es\"},{\"@type\":\"Organization\",\"@id\":\"https:\/\/edificiosota.com\/tiendaonline\/#organization\",\"name\":\"Edifico Sota Alquiler de Oficinas\",\"url\":\"https:\/\/edificiosota.com\/tiendaonline\/\",\"logo\":{\"@type\":\"ImageObject\",\"inLanguage\":\"es\",\"@id\":\"https:\/\/edificiosota.com\/tiendaonline\/#\/schema\/logo\/image\/\",\"url\":\"https:\/\/edificiosota.com\/tiendaonline\/wp-content\/uploads\/2022\/11\/logo_web_blanco_2.png\",\"contentUrl\":\"https:\/\/edificiosota.com\/tiendaonline\/wp-content\/uploads\/2022\/11\/logo_web_blanco_2.png\",\"width\":508,\"height\":715,\"caption\":\"Edifico Sota Alquiler de Oficinas\"},\"image\":{\"@id\":\"https:\/\/edificiosota.com\/tiendaonline\/#\/schema\/logo\/image\/\"}}]}<\/script>\n<!-- \/ Yoast SEO plugin. -->","yoast_head_json":{"title":"Mi cuenta - Edifico Sota Alquiler de Oficinas","robots":{"index":"index","follow":"follow","max-snippet":"max-snippet:-1","max-image-preview":"max-image-preview:large","max-video-preview":"max-video-preview:-1"},"canonical":"https:\/\/edificiosota.com\/tiendaonline\/mi-cuenta\/","og_locale":"es_ES","og_type":"article","og_title":"Mi cuenta - Edifico Sota Alquiler de Oficinas","og_description":"Mi cuenta Escritorio Pedidos Descargas Direcciones Detalles de la cuenta Cerrar sesi\u00f3n Hola TREw8df4GHGfelkjWvvPhhj (\u00bfno eres TREw8df4GHGfelkjWvvPhhj? Cerrar sesi\u00f3n) Desde el escritorio de tu cuenta puedes ver tus pedidos recientes, gestionar tus direcciones de env\u00edo y facturaci\u00f3n y editar tu contrase\u00f1a y los detalles de tu cuenta.","og_url":"https:\/\/edificiosota.com\/tiendaonline\/mi-cuenta\/","og_site_name":"Edifico Sota Alquiler de Oficinas","article_modified_time":"2022-11-29T10:53:14+00:00","twitter_card":"summary_large_image","schema":{"@context":"https:\/\/schema.org","@graph":[{"@type":"WebPage","@id":"https:\/\/edificiosota.com\/tiendaonline\/mi-cuenta\/","url":"https:\/\/edificiosota.com\/tiendaonline\/mi-cuenta\/","name":"Mi cuenta - Edifico Sota Alquiler de Oficinas","isPartOf":{"@id":"https:\/\/edificiosota.com\/tiendaonline\/#website"},"datePublished":"2022-11-23T18:50:32+00:00","dateModified":"2022-11-29T10:53:14+00:00","breadcrumb":{"@id":"https:\/\/edificiosota.com\/tiendaonline\/mi-cuenta\/#breadcrumb"},"inLanguage":"es","potentialAction":[{"@type":"ReadAction","target":["https:\/\/edificiosota.com\/tiendaonline\/mi-cuenta\/"]}]},{"@type":"BreadcrumbList","@id":"https:\/\/edificiosota.com\/tiendaonline\/mi-cuenta\/#breadcrumb","itemListElement":[{"@type":"ListItem","position":1,"name":"Portada","item":"https:\/\/edificiosota.com\/tiendaonline\/"},{"@type":"ListItem","position":2,"name":"Mi cuenta"}]},{"@type":"WebSite","@id":"https:\/\/edificiosota.com\/tiendaonline\/#website","url":"https:\/\/edificiosota.com\/tiendaonline\/","name":"Edifico Sota Alquiler de Oficinas","description":"Oficinas en Bilbao","publisher":{"@id":"https:\/\/edificiosota.com\/tiendaonline\/#organization"},"potentialAction":[{"@type":"SearchAction","target":{"@type":"EntryPoint","urlTemplate":"https:\/\/edificiosota.com\/tiendaonline\/?s={search_term_string}"},"query-input":"required name=search_term_string"}],"inLanguage":"es"},{"@type":"Organization","@id":"https:\/\/edificiosota.com\/tiendaonline\/#organization","name":"Edifico Sota Alquiler de Oficinas","url":"https:\/\/edificiosota.com\/tiendaonline\/","logo":{"@type":"ImageObject","inLanguage":"es","@id":"https:\/\/edificiosota.com\/tiendaonline\/#\/schema\/logo\/image\/","url":"https:\/\/edificiosota.com\/tiendaonline\/wp-content\/uploads\/2022\/11\/logo_web_blanco_2.png","contentUrl":"https:\/\/edificiosota.com\/tiendaonline\/wp-content\/uploads\/2022\/11\/logo_web_blanco_2.png","width":508,"height":715,"caption":"Edifico Sota Alquiler de Oficinas"},"image":{"@id":"https:\/\/edificiosota.com\/tiendaonline\/#\/schema\/logo\/image\/"}}]}},"_links":{"self":[{"href":"https:\/\/edificiosota.com\/tiendaonline\/wp-json\/wp\/v2\/pages\/15","targetHints":{"allow":["GET"]}}],"collection":[{"href":"https:\/\/edificiosota.com\/tiendaonline\/wp-json\/wp\/v2\/pages"}],"about":[{"href":"https:\/\/edificiosota.com\/tiendaonline\/wp-json\/wp\/v2\/types\/page"}],"author":[{"embeddable":true,"href":"https:\/\/edificiosota.com\/tiendaonline\/wp-json\/wp\/v2\/users\/1"}],"replies":[{"embeddable":true,"href":"https:\/\/edificiosota.com\/tiendaonline\/wp-json\/wp\/v2\/comments?post=15"}],"version-history":[{"count":16,"href":"https:\/\/edificiosota.com\/tiendaonline\/wp-json\/wp\/v2\/pages\/15\/revisions"}],"predecessor-version":[{"id":279,"href":"https:\/\/edificiosota.com\/tiendaonline\/wp-json\/wp\/v2\/pages\/15\/revisions\/279"}],"wp:attachment":[{"href":"https:\/\/edificiosota.com\/tiendaonline\/wp-json\/wp\/v2\/media?parent=15"}],"curies":[{"name":"wp","href":"https:\/\/api.w.org\/{rel}","templated":true}]}}